{"id":2,"date":"2018-05-18T18:55:16","date_gmt":"2018-05-18T18:55:16","guid":{"rendered":"http:\/\/curtiembreriobueno.cl\/?page_id=2"},"modified":"2018-06-06T17:03:59","modified_gmt":"2018-06-06T17:03:59","slug":"nosotros","status":"publish","type":"page","link":"https:\/\/www.curtiembreriobueno.cl\/en_us\/nosotros\/","title":{"rendered":"Sobre Nosotros"},"content":{"rendered":"<div class=\"wpb-content-wrapper\"><div class=\"vc_row wpb_row vc_row-fluid dt-default\" style=\"margin-top: 0px;margin-bottom: 0px\"><div class=\"wpb_column vc_column_container vc_col-sm-8\"><div class=\"vc_column-inner\"><div class=\"wpb_wrapper\">\n\t<div class=\"wpb_text_column wpb_content_element\" >\n\t\t<div class=\"wpb_wrapper\">\n\t\t\t<h3><strong>Historia<\/strong><\/h3>\n<p>Desde 1960 \u00ab<strong>Curtiembre Rio Bueno<\/strong>\u00ab, es una consolidada y tradicional industria nacional del sur de chile, que por m\u00e1s de 50 a\u00f1os se ha dedicado al tratamiento y curtido de pieles con pelo.<\/p>\n<p>Con el correr de los a\u00f1os y a pedido de nuestros clientes incorporamos en nuestro trabajo, la confecci\u00f3n de alfombras con pelo a medida (patchwork), cojines, almohadones, carteras, individuales y m\u00faltiples accesorios para la decoraci\u00f3n del hogar y personal, utilizando en cada uno de nuestros proyectos materia prima seleccionada y de primera calidad, con las especificaciones t\u00e9cnicas que se requiere\u00a0 para cada uno de nuestros proyectos, buscando siempre la excelencia en la elaboraci\u00f3n y sus delicadas terminaciones.<\/p>\n\n\t\t<\/div>\n\t<\/div>\n<\/div><\/div><\/div><div class=\"wpb_column vc_column_container vc_col-sm-4\"><div class=\"vc_column-inner\"><div class=\"wpb_wrapper\">\n\t<div class=\"wpb_raw_code wpb_raw_html wpb_content_element\" >\n\t\t<div class=\"wpb_wrapper\">\n\t\t\t<\/br>\n<\/br>\n\t\t<\/div>\n\t<\/div>\n\n\t<div class=\"wpb_text_column wpb_content_element\" >\n\t\t<div class=\"wpb_wrapper\">\n\t\t\t<blockquote>\n<p style=\"background: white; margin: 0cm 0cm 4.5pt 0cm;\"><span style=\"font-size: 10.5pt; font-family: Helvetica; color: #1d2129;\">\u00abLos detalles hacen la perfecci\u00f3n, pero la perfecci\u00f3n no es un detalle\u00bb<\/span><\/p>\n<\/blockquote>\n<p style=\"background: white; margin: 4.5pt 0cm 0.0001pt; text-align: right;\"><em><span style=\"font-size: 10.5pt; font-family: Helvetica; color: #1d2129;\">Leonardo da Vinci<\/span><\/em><\/p>\n\n\t\t<\/div>\n\t<\/div>\n<\/div><\/div><\/div><\/div><div class=\"vc_row wpb_row vc_row-fluid dt-default\" style=\"margin-top: 0px;margin-bottom: 0px\"><div class=\"wpb_column vc_column_container vc_col-sm-12\"><div class=\"vc_column-inner\"><div class=\"wpb_wrapper\">\n\t<div class=\"wpb_text_column wpb_content_element\" >\n\t\t<div class=\"wpb_wrapper\">\n\t\t\t<h3><strong>Quienes somos<\/strong><\/h3>\n<p>Una empresa familiar con m\u00e1s de 50 a\u00f1os en el mercado que trabaja bajo estrictas normas de calidad para entregar un producto de excelencia. Nuestro selecto grupo de artesanos elaboran cada pieza con la dedicaci\u00f3n que merece un articulo exclusivo, realizado por manos expertas y utilizando la materia prima seleccionada de nuestra propia curtiembre.<\/p>\n<p>Somos una empresa chilena de tradici\u00f3n y tenemos la convicci\u00f3n que existe el consumidor exigente que reconoce y aprecia un producto de calidad con finas terminaciones que se distingue frente a sus distintos productos sustitutos importados.<\/p>\n<p>La atenci\u00f3n que otorgamos es personalizada, lo que hace posible interpretar los requerimientos de manera eficaz y eficiente de cada uno de nuestros clientes, apoy\u00e1ndolos en sus proyectos decorativos.<\/p>\n\n\t\t<\/div>\n\t<\/div>\n<\/div><\/div><\/div><\/div><div class=\"vc_row wpb_row vc_row-fluid dt-default\" style=\"margin-top: 0px;margin-bottom: 0px\"><div class=\"wpb_column vc_column_container vc_col-sm-6\"><div class=\"vc_column-inner\"><div class=\"wpb_wrapper\">\n\t<div  class=\"wpb_single_image wpb_content_element vc_align_left\">\n\t\t\n\t\t<figure class=\"wpb_wrapper vc_figure\">\n\t\t\t<div class=\"vc_single_image-wrapper   vc_box_border_grey layzr-bg\"><\/div>\n\t\t<\/figure>\n\t<\/div>\n\n\t<div class=\"wpb_text_column wpb_content_element\" >\n\t\t<div class=\"wpb_wrapper\">\n\t\t\t<p><strong>Lorena Leal<\/strong><\/p>\n<p><em><strong>Costura y Dise\u00f1o<\/strong><\/em><\/p>\n\n\t\t<\/div>\n\t<\/div>\n<\/div><\/div><\/div><div class=\"wpb_column vc_column_container vc_col-sm-6\"><div class=\"vc_column-inner\"><div class=\"wpb_wrapper\">\n\t<div  class=\"wpb_single_image wpb_content_element vc_align_left\">\n\t\t\n\t\t<figure class=\"wpb_wrapper vc_figure\">\n\t\t\t<div class=\"vc_single_image-wrapper   vc_box_border_grey layzr-bg\"><\/div>\n\t\t<\/figure>\n\t<\/div>\n\n\t<div class=\"wpb_text_column wpb_content_element\" >\n\t\t<div class=\"wpb_wrapper\">\n\t\t\t<p><strong>Felipe Garcia G.<\/strong><\/p>\n<p><em><strong>Ensamble y Dise\u00f1o<\/strong><\/em><\/p>\n\n\t\t<\/div>\n\t<\/div>\n<\/div><\/div><\/div><\/div>\n<\/div>","protected":false},"excerpt":{"rendered":"<p>Historia Desde 1960 \u00abCurtiembre Rio Bueno\u00bb, es una consolidada y tradicional industria nacional del sur de chile, que por m\u00e1s de 50 a\u00f1os se ha dedicado al tratamiento y curtido de pieles con pelo. Con el correr de los a\u00f1os y a pedido de nuestros clientes incorporamos en nuestro trabajo, la confecci\u00f3n de alfombras con&hellip;<\/p>","protected":false},"author":1,"featured_media":0,"parent":0,"menu_order":0,"comment_status":"closed","ping_status":"open","template":"","meta":{"footnotes":""},"class_list":["post-2","page","type-page","status-publish","hentry","description-off"],"_links":{"self":[{"href":"https:\/\/www.curtiembreriobueno.cl\/en_us\/wp-json\/wp\/v2\/pages\/2","targetHints":{"allow":["GET"]}}],"collection":[{"href":"https:\/\/www.curtiembreriobueno.cl\/en_us\/wp-json\/wp\/v2\/pages"}],"about":[{"href":"https:\/\/www.curtiembreriobueno.cl\/en_us\/wp-json\/wp\/v2\/types\/page"}],"author":[{"embeddable":true,"href":"https:\/\/www.curtiembreriobueno.cl\/en_us\/wp-json\/wp\/v2\/users\/1"}],"replies":[{"embeddable":true,"href":"https:\/\/www.curtiembreriobueno.cl\/en_us\/wp-json\/wp\/v2\/comments?post=2"}],"version-history":[{"count":12,"href":"https:\/\/www.curtiembreriobueno.cl\/en_us\/wp-json\/wp\/v2\/pages\/2\/revisions"}],"predecessor-version":[{"id":37263,"href":"https:\/\/www.curtiembreriobueno.cl\/en_us\/wp-json\/wp\/v2\/pages\/2\/revisions\/37263"}],"wp:attachment":[{"href":"https:\/\/www.curtiembreriobueno.cl\/en_us\/wp-json\/wp\/v2\/media?parent=2"}],"curies":[{"name":"wp","href":"https:\/\/api.w.org\/{rel}","templated":true}]}}