{"id":30297,"date":"2014-07-16T12:06:48","date_gmt":"2014-07-16T09:06:48","guid":{"rendered":"http:\/\/the7.dream-demo.com\/?page_id=18671"},"modified":"2018-05-18T20:50:05","modified_gmt":"2018-05-18T20:50:05","slug":"terminos-y-condiciones","status":"publish","type":"page","link":"https:\/\/www.curtiembreriobueno.cl\/en_us\/terminos-y-condiciones\/","title":{"rendered":"T\u00e9rminos y Condiciones"},"content":{"rendered":"<p><strong>\u00bfC\u00f3mo Comprar?<\/strong><\/p>\n<p><strong>Paso 1.<\/strong>\u00a0Reg\u00edstrate en nuestra tienda accediendo desde la p\u00e1gina principal en el bot\u00f3n \u201cReg\u00edstrate\u201d. Una vez hayas llenado el formulario y aceptado las condiciones, ya estar\u00e1s listo para hacer tu primer pedido.<\/p>\n<p><strong>Paso 2.<\/strong>\u00a0Busca los productos que deseas comprar y presiona el bot\u00f3n \u201ca\u00f1adir al carrito\u201d, ver\u00e1s que se han agregado productos en el panel de Usuario en la esquina superior derecha.<\/p>\n<p><strong>Paso 3.<\/strong>\u00a0Una vez tengas a\u00f1adidos todos los productos que buscabas, posiciona el puntero del mouse sobre el panel de usuario, ah\u00ed se desplegar\u00e1 el detalle de tus productos, con la opci\u00f3n de eliminar los productos que no deseas. Si ya tienes los productos que comprar\u00e1s agregados y deseas finalizar la compra presiona el bot\u00f3n \u201cConfirmar\u201d en el mismo panel desplegable.<\/p>\n<p><strong>Paso 4.<\/strong>\u00a0En la ventana de direcciones saldr\u00e1 por defecto la direcci\u00f3n que utilizaste al momento de registrarte, si deseas que estos productos se env\u00eden a una direcci\u00f3n distinta, presiona el bot\u00f3n \u201cA\u00f1adir nueva direcci\u00f3n\u201d, de lo contrario presiona el bot\u00f3n siguiente, para continuar de finalizar tu compra.<\/p>\n<p><strong>Paso 5.<\/strong>\u00a0Acepta las condiciones generales de venta, y elige el medio de transporte por el cual deseas que envi\u00e9mos tus productos. Recuerda que el costo de envi\u00f3 ser\u00e1 decidido por la empresa seleccionada. Luego de entender todos los puntos, presiona siguiente.<\/p>\n<p><strong><u>Env\u00edos<\/u><\/strong><\/p>\n<p><strong>Curtiembre Rio Bueno<\/strong> pone a disposici\u00f3n de sus clientes la opci\u00f3n de\u00a0<strong>retirar sus compras en nuestras tiendas f\u00edsicas o a trav\u00e9s de env\u00edos por encomienda<\/strong>, de esta forma todos nuestros clientes pueden acceder a comprar sus productos\u00a0<strong>desde cualquier parte de Chile.<\/strong><\/p>\n<p>Trabajamos con couriers serios y responsables para asegurar que nuestros clientes puedan disponer de una entrega r\u00e1pida y segura, a saber: Pullman y Starken. Cada pedido realizado se embala en un paquete discreto para que en ning\u00fan momento haga alusi\u00f3n a su contenido en el interior.<\/p>\n<p>Utilizar este servicio de env\u00edos es muy f\u00e1cil, luego de elegir lo que deseas comprar en nuestra tienda virtual, debes:<\/p>\n<ul>\n<li>Ir a tu carrito de compras.<\/li>\n<li>Ver el resumen de tu compra para asegurarte de que todo est\u00e1 bien.<\/li>\n<li>Confirmar la direcci\u00f3n con la que te registraste o agregar una nueva.<\/li>\n<li>La pr\u00f3xima pesta\u00f1a es la de \u201cEnv\u00edo\u201d, y ver\u00e1s la siguiente imagen:<\/li>\n<\/ul>\n<p>Ac\u00e1 puedes elegir si retirar tus productos en la tienda u optar por el despacho.<br \/>\nSi seleccionas el despacho, lo \u00faltimo que queda ser\u00eda realizar tu pago a trav\u00e9s de las opciones disponibles.<\/p>\n<p>Una vez que se confirma la recepci\u00f3n del pago, se env\u00edan tus productos desde nuestra bodega hasta el Courier que hayas solicitado. En caso de no especificar alguno, se realizar\u00e1 a trav\u00e9s de Starken.<\/p>\n<p>Cuando se confirma que el env\u00edo est\u00e1 listo, recibir\u00e1s un correo con el c\u00f3digo de seguimiento de tu encomienda.<\/p>\n<p><em>*<strong>El costo del despacho es \u201cPor Pagar\u201d. (A no ser que se especifique en cada producto que el env\u00edo es gratuito)<\/strong><\/em><\/p>\n<p><em>*Los despachos se realizan s\u00f3lo los d\u00edas h\u00e1biles.<\/em><\/p>\n<p><em>*48 a 72 horas h\u00e1biles de entrega (Dependiendo de t\u00fa ubicaci\u00f3n, ya que podr\u00edan ser m\u00e1s debido a la distancia y disponibilidad de carga de la empresa courier)<\/em><\/p>\n<p>Cualquier duda o problema s\u00f3lo debe escribir a\u00a0<strong>luissantiba@gmail.com<\/strong><\/p>\n<p><strong>\u00a0<\/strong><strong>\u00a0<\/strong><\/p>\n<p><strong>Paso 6.<\/strong>\u00a0Elige el medio de pago por el cual efectuar\u00e1s la compra:<\/p>\n<p><strong>\u2013 WEBPAYPLUS:<\/strong>\u00a0Paga con tarjetas de cr\u00e9dito de casas comerciales con o sin cuotas o distintos bancos del pa\u00eds. Tambi\u00e9n puedes pagar con\u00a0<strong>CuentaRUT<\/strong>.<\/p>\n<p>*Si, por cualquier motivo, se dejara sin efecto una transacci\u00f3n y el pago se ha hecho por este medio, la devoluci\u00f3n del precio se sujetar\u00e1 a las reglas que hayas pactado con tu banco o respectiva casa comercial, seg\u00fan corresponda. Considera que todos los aspectos relativos al uso de estas tarjetas de cr\u00e9dito o de d\u00e9bito, como su fecha de emisi\u00f3n, caducidad, cupo, bloqueos, etc., se sujetar\u00e1, en relaci\u00f3n con la empresa que emite u opera la tarjeta, a lo pactado en el respecto Contrato de Apertura y Reglamento de Uso de ese instrumento, que predominar\u00e1 de haber contradicci\u00f3n.<\/p>\n<p>Recibir\u00e1s un correo con la confirmaci\u00f3n de pago y los datos de seguimiento y entrega de tu pedido.<\/p>\n<p><strong>\u2013 TRANSFERENCIA BANCARIA:<\/strong>\u00a0Puedes realizar una transferencia bancaria, enviando tu comprobante de transferencia a nuestro correo\u00a0<strong>luissantiba@gmail.com<\/strong><\/p>\n<p>Usted debe realizar una transferencia con el monto total de su compra a la siguiente cuenta bancaria:<\/p>\n<p><em>Nombre: Luis Santiba\u00f1ez Vergara.<br \/>\nRUT: 13.734.303-7<br \/>\nBanco: BCI (Banco de Cr\u00e9dito e inversiones)<br \/>\nTipo de cuenta: Cuenta corriente<br \/>\nN\u00b0 de cuenta: 24310280<\/em><\/p>\n<p>Correo electr\u00f3nico: luissantiba@gmail.com<\/p>\n<p><strong>*Recuerda, debes enviar una foto del comprobante entregado al correo electr\u00f3nico<\/strong>\u00a0<a href=\"mailto:luissantiba@gmail.com\"><strong>luissantiba@gmail.com<\/strong><\/a><\/p>\n<p>Recibir\u00e1s un correo con la confirmaci\u00f3n de pago y los datos de seguimiento y entrega de tu pedido.<\/p>\n<p><strong>\u2013 MULTICAJA:\u00a0<\/strong>Si no dispones de ning\u00fan m\u00e9todo antes mencionado puedes pagar en el negocio m\u00e1s cercano que cuente con Multicaja.<\/p>\n<p><em>Nombre: Luis Santiba\u00f1ez Vergara.<br \/>\nRUT: 13.734.303-7<br \/>\nBanco: BCI (Banco de Cr\u00e9dito e inversiones)<br \/>\nTipo de cuenta: Cuenta corriente<br \/>\nN\u00b0 de cuenta: 24310280<\/em><\/p>\n<p>Correo electr\u00f3nico: luissantiba@gmail.com<\/p>\n<p><strong>*Recuerda, debes enviar una foto del comprobante entregado al correo electr\u00f3nico<\/strong>\u00a0\u00a0<a href=\"mailto:luissantiba@gmail.com\"><strong>luissantiba@gmail.com<\/strong><\/a><\/p>\n<p>Recibir\u00e1s un correo con la confirmaci\u00f3n de pago y los datos de seguimiento y entrega de tu pedido.<\/p>\n<p><strong>\u2013 SERVIPAG: Imprime tu cup\u00f3n de pago y puede pagar en cualquier sucursal de Servipag o en\u00a0<\/strong><a href=\"http:\/\/www.servipag.cl\/\"><strong>www.servipag.cl<\/strong><\/a><\/p>\n<p><strong>*Recuerda, debes enviar una foto del comprobante entregado al correo electr\u00f3nico<\/strong>\u00a0\u00a0<a href=\"mailto:luissantiba@gmail.com\"><strong>luissantiba@gmail.com<\/strong><\/a><\/p>\n<p>Recibir\u00e1s un correo con la confirmaci\u00f3n de pago y los datos de seguimiento y entrega de tu pedido.<\/p>\n<p><strong>\u00a0<\/strong><strong>\u00a0<\/strong><\/p>\n<p><strong>CAMBIOS Y DEVOLUCIONES<\/strong><\/p>\n<p><strong>Ley del Consumidor:<\/strong>\u00a0La Ley del Consumidor no contempla ninguna obligaci\u00f3n a los proveedores respecto otorgar devoluciones de dinero o efectuar cambios de productos, salvo cuando se trate de fallas o situaciones en que proceda la garant\u00eda legal o voluntaria, seg\u00fan sea el caso.<\/p>\n<p>Si usted necesita devolver un producto, contacte con nosotros v\u00eda correo electr\u00f3nico a\u00a0\u00a0<a href=\"mailto:luissantiba@gmail.com\"><strong>luissantiba@gmail.com<\/strong><\/a>\u00a0para la devoluci\u00f3n.<\/p>\n<p>Si usted ve alguna anomal\u00eda de su pedido dentro del veh\u00edculo de transporte, por favor, saque alguna foto antes de recibirlo conforme, nos ayudar\u00e1 mucho para tramitar la incidencia con la agencia de transporte.<\/p>\n<p>Si usted nota alguna diferencia entre el pedido realizado y el enviado, o alguna anomal\u00eda en su pedido, el env\u00edo no deber\u00e1 ser recepcionado por el cliente, si usted recibe conforme firmando el documento entregado por la empresa de cargo, se entiende que la mercanc\u00eda lleg\u00f3 en su totalidad y en buen estado, por lo que curtiembreriobueno.cl no recibir\u00e1 futuras reclamaciones.<\/p>\n<p>Si usted nota alguna anomal\u00eda en su pedido y no firma el documento de recepci\u00f3n conforme de \u00e9ste, debe informarnos dentro de las pr\u00f3ximas 24hrs para poder gestionar una soluci\u00f3n.<\/p>","protected":false},"excerpt":{"rendered":"<p>\u00bfC\u00f3mo Comprar? Paso 1.\u00a0Reg\u00edstrate en nuestra tienda accediendo desde la p\u00e1gina principal en el bot\u00f3n \u201cReg\u00edstrate\u201d. Una vez hayas llenado el formulario y aceptado las condiciones, ya estar\u00e1s listo para hacer tu primer pedido. Paso 2.\u00a0Busca los productos que deseas comprar y presiona el bot\u00f3n \u201ca\u00f1adir al carrito\u201d, ver\u00e1s que se han agregado productos en&hellip;<\/p>","protected":false},"author":1,"featured_media":0,"parent":0,"menu_order":960,"comment_status":"closed","ping_status":"closed","template":"","meta":{"footnotes":""},"class_list":["post-30297","page","type-page","status-publish","hentry","description-off"],"_links":{"self":[{"href":"https:\/\/www.curtiembreriobueno.cl\/en_us\/wp-json\/wp\/v2\/pages\/30297","targetHints":{"allow":["GET"]}}],"collection":[{"href":"https:\/\/www.curtiembreriobueno.cl\/en_us\/wp-json\/wp\/v2\/pages"}],"about":[{"href":"https:\/\/www.curtiembreriobueno.cl\/en_us\/wp-json\/wp\/v2\/types\/page"}],"author":[{"embeddable":true,"href":"https:\/\/www.curtiembreriobueno.cl\/en_us\/wp-json\/wp\/v2\/users\/1"}],"replies":[{"embeddable":true,"href":"https:\/\/www.curtiembreriobueno.cl\/en_us\/wp-json\/wp\/v2\/comments?post=30297"}],"version-history":[{"count":2,"href":"https:\/\/www.curtiembreriobueno.cl\/en_us\/wp-json\/wp\/v2\/pages\/30297\/revisions"}],"predecessor-version":[{"id":36532,"href":"https:\/\/www.curtiembreriobueno.cl\/en_us\/wp-json\/wp\/v2\/pages\/30297\/revisions\/36532"}],"wp:attachment":[{"href":"https:\/\/www.curtiembreriobueno.cl\/en_us\/wp-json\/wp\/v2\/media?parent=30297"}],"curies":[{"name":"wp","href":"https:\/\/api.w.org\/{rel}","templated":true}]}}