{"id":49887,"date":"2021-10-27T18:25:56","date_gmt":"2021-10-27T18:25:56","guid":{"rendered":"https:\/\/www.curtiembreriobueno.cl\/?post_type=product&#038;p=49887"},"modified":"2023-09-29T21:14:24","modified_gmt":"2023-09-29T21:14:24","slug":"cinturon-varon-110-cm-4","status":"publish","type":"product","link":"https:\/\/www.curtiembreriobueno.cl\/en_us\/product\/cinturon-varon-110-cm-4\/","title":{"rendered":"Cintur\u00f3n var\u00f3n 110 cm"},"content":{"rendered":"","protected":false},"excerpt":{"rendered":"<p>Cintur\u00f3n var\u00f3n, color caf\u00e9 oscuro, medidas 3.5 cm ancho por 110 cm largo<\/p>\n<ul>\n<li>Despachos por pagar<\/li>\n<li>V\u00eda starken o chilexpress<\/li>\n<\/ul>","protected":false},"featured_media":0,"comment_status":"open","ping_status":"closed","template":"","meta":[],"product_brand":[],"product_cat":[291],"product_tag":[],"class_list":{"0":"post-49887","1":"product","2":"type-product","3":"status-publish","5":"product_cat-cinturon-hombre","6":"description-off","8":"first","9":"instock","10":"shipping-taxable","11":"purchasable","12":"product-type-simple"},"_links":{"self":[{"href":"https:\/\/www.curtiembreriobueno.cl\/en_us\/wp-json\/wp\/v2\/product\/49887","targetHints":{"allow":["GET"]}}],"collection":[{"href":"https:\/\/www.curtiembreriobueno.cl\/en_us\/wp-json\/wp\/v2\/product"}],"about":[{"href":"https:\/\/www.curtiembreriobueno.cl\/en_us\/wp-json\/wp\/v2\/types\/product"}],"replies":[{"embeddable":true,"href":"https:\/\/www.curtiembreriobueno.cl\/en_us\/wp-json\/wp\/v2\/comments?post=49887"}],"wp:attachment":[{"href":"https:\/\/www.curtiembreriobueno.cl\/en_us\/wp-json\/wp\/v2\/media?parent=49887"}],"wp:term":[{"taxonomy":"product_brand","embeddable":true,"href":"https:\/\/www.curtiembreriobueno.cl\/en_us\/wp-json\/wp\/v2\/product_brand?post=49887"},{"taxonomy":"product_cat","embeddable":true,"href":"https:\/\/www.curtiembreriobueno.cl\/en_us\/wp-json\/wp\/v2\/product_cat?post=49887"},{"taxonomy":"product_tag","embeddable":true,"href":"https:\/\/www.curtiembreriobueno.cl\/en_us\/wp-json\/wp\/v2\/product_tag?post=49887"}],"curies":[{"name":"wp","href":"https:\/\/api.w.org\/{rel}","templated":true}]}}