{"id":50693,"date":"2023-09-29T10:00:34","date_gmt":"2023-09-29T10:00:34","guid":{"rendered":"https:\/\/www.curtiembreriobueno.cl\/?post_type=product&#038;p=50693"},"modified":"2023-10-05T15:54:46","modified_gmt":"2023-10-05T15:54:46","slug":"cinturon-varon-100-cm","status":"publish","type":"product","link":"https:\/\/www.curtiembreriobueno.cl\/en_us\/product\/cinturon-varon-100-cm\/","title":{"rendered":"Cintur\u00f3n var\u00f3n 95 cm"},"content":{"rendered":"","protected":false},"excerpt":{"rendered":"<p>Cintur\u00f3n Bordado var\u00f3n, medidas 3.3 cm ancho por 95 cm largo<\/p>\n<ul>\n<li>Despachos por pagar<\/li>\n<li>A domicilio por starken o a oficina por correos chile.<\/li>\n<\/ul>","protected":false},"featured_media":54219,"comment_status":"open","ping_status":"closed","template":"","meta":[],"product_brand":[],"product_cat":[291],"product_tag":[],"class_list":{"0":"post-50693","1":"product","2":"type-product","3":"status-publish","4":"has-post-thumbnail","6":"product_cat-cinturon-hombre","7":"description-off","9":"first","10":"instock","11":"shipping-taxable","12":"purchasable","13":"product-type-simple"},"_links":{"self":[{"href":"https:\/\/www.curtiembreriobueno.cl\/en_us\/wp-json\/wp\/v2\/product\/50693","targetHints":{"allow":["GET"]}}],"collection":[{"href":"https:\/\/www.curtiembreriobueno.cl\/en_us\/wp-json\/wp\/v2\/product"}],"about":[{"href":"https:\/\/www.curtiembreriobueno.cl\/en_us\/wp-json\/wp\/v2\/types\/product"}],"replies":[{"embeddable":true,"href":"https:\/\/www.curtiembreriobueno.cl\/en_us\/wp-json\/wp\/v2\/comments?post=50693"}],"wp:featuredmedia":[{"embeddable":true,"href":"https:\/\/www.curtiembreriobueno.cl\/en_us\/wp-json\/wp\/v2\/media\/54219"}],"wp:attachment":[{"href":"https:\/\/www.curtiembreriobueno.cl\/en_us\/wp-json\/wp\/v2\/media?parent=50693"}],"wp:term":[{"taxonomy":"product_brand","embeddable":true,"href":"https:\/\/www.curtiembreriobueno.cl\/en_us\/wp-json\/wp\/v2\/product_brand?post=50693"},{"taxonomy":"product_cat","embeddable":true,"href":"https:\/\/www.curtiembreriobueno.cl\/en_us\/wp-json\/wp\/v2\/product_cat?post=50693"},{"taxonomy":"product_tag","embeddable":true,"href":"https:\/\/www.curtiembreriobueno.cl\/en_us\/wp-json\/wp\/v2\/product_tag?post=50693"}],"curies":[{"name":"wp","href":"https:\/\/api.w.org\/{rel}","templated":true}]}}