{"id":51726,"date":"2023-08-29T09:00:28","date_gmt":"2023-08-29T09:00:28","guid":{"rendered":"https:\/\/www.curtiembreriobueno.cl\/?post_type=product&#038;p=51726"},"modified":"2025-06-11T15:04:54","modified_gmt":"2025-06-11T15:04:54","slug":"cojin-cuero-de-cordero-natural-lana-larga-copia","status":"publish","type":"product","link":"https:\/\/www.curtiembreriobueno.cl\/en_us\/product\/cojin-cuero-de-cordero-natural-lana-larga-copia\/","title":{"rendered":"Coj\u00edn cuero de cordero Natural Lana Larga"},"content":{"rendered":"","protected":false},"excerpt":{"rendered":"<p>Coj\u00edn de cuero de cordero lana larga, reverso con tela de felpa y cierre para sacar el relleno. medidas 40\u00d740 cm<\/p>\n<ul>\n<li>Valores por Unidad<\/li>\n<li>No incluyen relleno<\/li>\n<li>Env\u00edos por pagar v\u00eda Starken o Chilexpress<\/li>\n<\/ul>","protected":false},"featured_media":51727,"comment_status":"open","ping_status":"closed","template":"","meta":[],"product_brand":[],"product_cat":[213,234],"product_tag":[],"class_list":{"0":"post-51726","1":"product","2":"type-product","3":"status-publish","4":"has-post-thumbnail","6":"product_cat-cojin-cordero-40x40-cm","7":"product_cat-cojines-y-almohadones-alfombras-cordero","8":"description-off","10":"first","11":"instock","12":"shipping-taxable","13":"purchasable","14":"product-type-simple"},"_links":{"self":[{"href":"https:\/\/www.curtiembreriobueno.cl\/en_us\/wp-json\/wp\/v2\/product\/51726","targetHints":{"allow":["GET"]}}],"collection":[{"href":"https:\/\/www.curtiembreriobueno.cl\/en_us\/wp-json\/wp\/v2\/product"}],"about":[{"href":"https:\/\/www.curtiembreriobueno.cl\/en_us\/wp-json\/wp\/v2\/types\/product"}],"replies":[{"embeddable":true,"href":"https:\/\/www.curtiembreriobueno.cl\/en_us\/wp-json\/wp\/v2\/comments?post=51726"}],"wp:featuredmedia":[{"embeddable":true,"href":"https:\/\/www.curtiembreriobueno.cl\/en_us\/wp-json\/wp\/v2\/media\/51727"}],"wp:attachment":[{"href":"https:\/\/www.curtiembreriobueno.cl\/en_us\/wp-json\/wp\/v2\/media?parent=51726"}],"wp:term":[{"taxonomy":"product_brand","embeddable":true,"href":"https:\/\/www.curtiembreriobueno.cl\/en_us\/wp-json\/wp\/v2\/product_brand?post=51726"},{"taxonomy":"product_cat","embeddable":true,"href":"https:\/\/www.curtiembreriobueno.cl\/en_us\/wp-json\/wp\/v2\/product_cat?post=51726"},{"taxonomy":"product_tag","embeddable":true,"href":"https:\/\/www.curtiembreriobueno.cl\/en_us\/wp-json\/wp\/v2\/product_tag?post=51726"}],"curies":[{"name":"wp","href":"https:\/\/api.w.org\/{rel}","templated":true}]}}