{"id":52315,"date":"2022-07-16T21:23:21","date_gmt":"2022-07-16T21:23:21","guid":{"rendered":"https:\/\/www.curtiembreriobueno.cl\/?post_type=product&#038;p=52315"},"modified":"2022-09-24T13:07:24","modified_gmt":"2022-09-24T13:07:24","slug":"alfombra-2-40x1-80-mts-2","status":"publish","type":"product","link":"https:\/\/www.curtiembreriobueno.cl\/en_us\/product\/alfombra-2-40x1-80-mts-2\/","title":{"rendered":"Alfombra 2.50X1.76 mts."},"content":{"rendered":"","protected":false},"excerpt":{"rendered":"<p>Alfombra estilo patchwork de cuero con pelos con dise\u00f1o hexagonal costura a m\u00e1quina en zig zag<\/p>\n<p>Medidas 2.50\u00d71.76 mts<\/p>\n<ul>\n<li>Env\u00edo gratis v\u00eda Starken a todas las regiones del pa\u00eds.<\/li>\n<\/ul>","protected":false},"featured_media":0,"comment_status":"open","ping_status":"closed","template":"","meta":[],"product_brand":[],"product_cat":[227,300],"product_tag":[],"class_list":{"0":"post-52315","1":"product","2":"type-product","3":"status-publish","5":"product_cat-alfombras-patchwork","6":"product_cat-lo-nuevo","7":"description-off","9":"first","10":"instock","11":"shipping-taxable","12":"purchasable","13":"product-type-simple"},"_links":{"self":[{"href":"https:\/\/www.curtiembreriobueno.cl\/en_us\/wp-json\/wp\/v2\/product\/52315","targetHints":{"allow":["GET"]}}],"collection":[{"href":"https:\/\/www.curtiembreriobueno.cl\/en_us\/wp-json\/wp\/v2\/product"}],"about":[{"href":"https:\/\/www.curtiembreriobueno.cl\/en_us\/wp-json\/wp\/v2\/types\/product"}],"replies":[{"embeddable":true,"href":"https:\/\/www.curtiembreriobueno.cl\/en_us\/wp-json\/wp\/v2\/comments?post=52315"}],"wp:attachment":[{"href":"https:\/\/www.curtiembreriobueno.cl\/en_us\/wp-json\/wp\/v2\/media?parent=52315"}],"wp:term":[{"taxonomy":"product_brand","embeddable":true,"href":"https:\/\/www.curtiembreriobueno.cl\/en_us\/wp-json\/wp\/v2\/product_brand?post=52315"},{"taxonomy":"product_cat","embeddable":true,"href":"https:\/\/www.curtiembreriobueno.cl\/en_us\/wp-json\/wp\/v2\/product_cat?post=52315"},{"taxonomy":"product_tag","embeddable":true,"href":"https:\/\/www.curtiembreriobueno.cl\/en_us\/wp-json\/wp\/v2\/product_tag?post=52315"}],"curies":[{"name":"wp","href":"https:\/\/api.w.org\/{rel}","templated":true}]}}