{"id":53827,"date":"2025-10-06T08:00:18","date_gmt":"2025-10-06T08:00:18","guid":{"rendered":"https:\/\/www.curtiembreriobueno.cl\/?post_type=product&#038;p=53827"},"modified":"2026-04-12T18:36:41","modified_gmt":"2026-04-12T18:36:41","slug":"alfombra-3-0x2-20-mts","status":"publish","type":"product","link":"https:\/\/www.curtiembreriobueno.cl\/en_us\/product\/alfombra-3-0x2-20-mts\/","title":{"rendered":"Alfombra Patchwork 3.0 x 2.20 mts."},"content":{"rendered":"","protected":false},"excerpt":{"rendered":"<p>Alfombra estilo patchwork de cuero con pelos en cuadros de 20\u00d720 cm costura con tiras de cuero y pegadas con huincha de cuero al reverso<\/p>\n<p>Medidas 3.0\u00d72.20 mts<\/p>\n<ul>\n<li>Env\u00edo v\u00eda starken a todas las regiones del pa\u00eds.<\/li>\n<\/ul>","protected":false},"featured_media":56450,"comment_status":"open","ping_status":"closed","template":"","meta":[],"product_brand":[],"product_cat":[227,229],"product_tag":[],"class_list":{"0":"post-53827","1":"product","2":"type-product","3":"status-publish","4":"has-post-thumbnail","6":"product_cat-alfombras-patchwork","7":"product_cat-productos","8":"description-off","10":"first","11":"outofstock","12":"shipping-taxable","13":"product-type-simple"},"_links":{"self":[{"href":"https:\/\/www.curtiembreriobueno.cl\/en_us\/wp-json\/wp\/v2\/product\/53827","targetHints":{"allow":["GET"]}}],"collection":[{"href":"https:\/\/www.curtiembreriobueno.cl\/en_us\/wp-json\/wp\/v2\/product"}],"about":[{"href":"https:\/\/www.curtiembreriobueno.cl\/en_us\/wp-json\/wp\/v2\/types\/product"}],"replies":[{"embeddable":true,"href":"https:\/\/www.curtiembreriobueno.cl\/en_us\/wp-json\/wp\/v2\/comments?post=53827"}],"wp:featuredmedia":[{"embeddable":true,"href":"https:\/\/www.curtiembreriobueno.cl\/en_us\/wp-json\/wp\/v2\/media\/56450"}],"wp:attachment":[{"href":"https:\/\/www.curtiembreriobueno.cl\/en_us\/wp-json\/wp\/v2\/media?parent=53827"}],"wp:term":[{"taxonomy":"product_brand","embeddable":true,"href":"https:\/\/www.curtiembreriobueno.cl\/en_us\/wp-json\/wp\/v2\/product_brand?post=53827"},{"taxonomy":"product_cat","embeddable":true,"href":"https:\/\/www.curtiembreriobueno.cl\/en_us\/wp-json\/wp\/v2\/product_cat?post=53827"},{"taxonomy":"product_tag","embeddable":true,"href":"https:\/\/www.curtiembreriobueno.cl\/en_us\/wp-json\/wp\/v2\/product_tag?post=53827"}],"curies":[{"name":"wp","href":"https:\/\/api.w.org\/{rel}","templated":true}]}}