{"id":54784,"date":"2024-02-26T14:46:43","date_gmt":"2024-02-26T14:46:43","guid":{"rendered":"https:\/\/www.curtiembreriobueno.cl\/?post_type=product&#038;p=54784"},"modified":"2025-08-05T01:00:11","modified_gmt":"2025-08-05T01:00:11","slug":"cojin-cuero-de-vacuno-costura-cuero-2","status":"publish","type":"product","link":"https:\/\/www.curtiembreriobueno.cl\/en_us\/product\/cojin-cuero-de-vacuno-costura-cuero-2\/","title":{"rendered":"Coj\u00edn cuero de vacuno costura cuero"},"content":{"rendered":"","protected":false},"excerpt":{"rendered":"<p>Coj\u00edn cuero de vaca natural con pelos, medidas 45\u00d745 cm reverso con tela de felpa y cierre para cambio de relleno, costura con tiento, (tiras de cuero).<\/p>\n<ul>\n<li>Valores unitarios<\/li>\n<li>No incluyen relleno<\/li>\n<li>Env\u00edos por pagar a domicilio por starken o retiro en oficina por Correos Chile.<\/li>\n<\/ul>","protected":false},"featured_media":54753,"comment_status":"open","ping_status":"closed","template":"","meta":[],"product_brand":[],"product_cat":[211],"product_tag":[],"class_list":{"0":"post-54784","1":"product","2":"type-product","3":"status-publish","4":"has-post-thumbnail","6":"product_cat-cojin-vacuno-45x45","7":"description-off","9":"first","10":"instock","11":"shipping-taxable","12":"purchasable","13":"product-type-simple"},"_links":{"self":[{"href":"https:\/\/www.curtiembreriobueno.cl\/en_us\/wp-json\/wp\/v2\/product\/54784","targetHints":{"allow":["GET"]}}],"collection":[{"href":"https:\/\/www.curtiembreriobueno.cl\/en_us\/wp-json\/wp\/v2\/product"}],"about":[{"href":"https:\/\/www.curtiembreriobueno.cl\/en_us\/wp-json\/wp\/v2\/types\/product"}],"replies":[{"embeddable":true,"href":"https:\/\/www.curtiembreriobueno.cl\/en_us\/wp-json\/wp\/v2\/comments?post=54784"}],"wp:featuredmedia":[{"embeddable":true,"href":"https:\/\/www.curtiembreriobueno.cl\/en_us\/wp-json\/wp\/v2\/media\/54753"}],"wp:attachment":[{"href":"https:\/\/www.curtiembreriobueno.cl\/en_us\/wp-json\/wp\/v2\/media?parent=54784"}],"wp:term":[{"taxonomy":"product_brand","embeddable":true,"href":"https:\/\/www.curtiembreriobueno.cl\/en_us\/wp-json\/wp\/v2\/product_brand?post=54784"},{"taxonomy":"product_cat","embeddable":true,"href":"https:\/\/www.curtiembreriobueno.cl\/en_us\/wp-json\/wp\/v2\/product_cat?post=54784"},{"taxonomy":"product_tag","embeddable":true,"href":"https:\/\/www.curtiembreriobueno.cl\/en_us\/wp-json\/wp\/v2\/product_tag?post=54784"}],"curies":[{"name":"wp","href":"https:\/\/api.w.org\/{rel}","templated":true}]}}