{"id":54865,"date":"2024-02-29T09:00:09","date_gmt":"2024-02-29T09:00:09","guid":{"rendered":"https:\/\/www.curtiembreriobueno.cl\/?post_type=product&#038;p=54865"},"modified":"2024-02-29T15:11:47","modified_gmt":"2024-02-29T15:11:47","slug":"funda-de-cojin-50x50-cm-vacuno","status":"publish","type":"product","link":"https:\/\/www.curtiembreriobueno.cl\/en_us\/product\/funda-de-cojin-50x50-cm-vacuno\/","title":{"rendered":"Funda de Cojin 50&#215;50 cm vacuno"},"content":{"rendered":"","protected":false},"excerpt":{"rendered":"<p>Cojines 50&#215;50\u00a0 en cuero de vacuno estilo patchwork\u00a0 en dise\u00f1o de hex\u00e1gonos, parte trasera con tela de felpa,costuras a m\u00e1quina en zig zag. El valor es por unidad.<\/p>\n<ul>\n<li>Cojines NO incluyen relleno al despachar<\/li>\n<li>Env\u00edos por pagar a todas las regiones v\u00eda starken por pagar o correos chile a oficina.<\/li>\n<\/ul>","protected":false},"featured_media":54862,"comment_status":"open","ping_status":"closed","template":"","meta":[],"product_brand":[],"product_cat":[259,234],"product_tag":[],"class_list":{"0":"post-54865","1":"product","2":"type-product","3":"status-publish","4":"has-post-thumbnail","6":"product_cat-cojin-50x50-vacuno","7":"product_cat-cojines-y-almohadones-alfombras-cordero","8":"description-off","10":"first","11":"instock","12":"shipping-taxable","13":"purchasable","14":"product-type-simple"},"_links":{"self":[{"href":"https:\/\/www.curtiembreriobueno.cl\/en_us\/wp-json\/wp\/v2\/product\/54865","targetHints":{"allow":["GET"]}}],"collection":[{"href":"https:\/\/www.curtiembreriobueno.cl\/en_us\/wp-json\/wp\/v2\/product"}],"about":[{"href":"https:\/\/www.curtiembreriobueno.cl\/en_us\/wp-json\/wp\/v2\/types\/product"}],"replies":[{"embeddable":true,"href":"https:\/\/www.curtiembreriobueno.cl\/en_us\/wp-json\/wp\/v2\/comments?post=54865"}],"wp:featuredmedia":[{"embeddable":true,"href":"https:\/\/www.curtiembreriobueno.cl\/en_us\/wp-json\/wp\/v2\/media\/54862"}],"wp:attachment":[{"href":"https:\/\/www.curtiembreriobueno.cl\/en_us\/wp-json\/wp\/v2\/media?parent=54865"}],"wp:term":[{"taxonomy":"product_brand","embeddable":true,"href":"https:\/\/www.curtiembreriobueno.cl\/en_us\/wp-json\/wp\/v2\/product_brand?post=54865"},{"taxonomy":"product_cat","embeddable":true,"href":"https:\/\/www.curtiembreriobueno.cl\/en_us\/wp-json\/wp\/v2\/product_cat?post=54865"},{"taxonomy":"product_tag","embeddable":true,"href":"https:\/\/www.curtiembreriobueno.cl\/en_us\/wp-json\/wp\/v2\/product_tag?post=54865"}],"curies":[{"name":"wp","href":"https:\/\/api.w.org\/{rel}","templated":true}]}}