{"id":55159,"date":"2024-05-02T20:59:53","date_gmt":"2024-05-02T20:59:53","guid":{"rendered":"https:\/\/www.curtiembreriobueno.cl\/?post_type=product&#038;p=55159"},"modified":"2025-02-21T12:58:48","modified_gmt":"2025-02-21T12:58:48","slug":"funda-cojin-vacuno-60x40-cm-11","status":"publish","type":"product","link":"https:\/\/www.curtiembreriobueno.cl\/en_us\/product\/funda-cojin-vacuno-60x40-cm-11\/","title":{"rendered":"Funda Coj\u00edn vacuno 60&#215;40 cm"},"content":{"rendered":"","protected":false},"excerpt":{"rendered":"<p>Coj\u00edn cuero natural de vacuno con pelos, Medidas 60X40 cm costuras a m\u00e1quina zig &#8211; zag, reverso con tela de felpa y cierre para cambiar relleno.<\/p>\n<ul>\n<li>Valores por unidad<\/li>\n<li>No incluyen relleno al despacho<\/li>\n<li>Env\u00edos por pagar, v\u00eda starken o correos chile<\/li>\n<\/ul>","protected":false},"featured_media":55130,"comment_status":"open","ping_status":"closed","template":"","meta":[],"product_brand":[],"product_cat":[212,234],"product_tag":[],"class_list":{"0":"post-55159","1":"product","2":"type-product","3":"status-publish","4":"has-post-thumbnail","6":"product_cat-cojin-vacuno-60x40","7":"product_cat-cojines-y-almohadones-alfombras-cordero","8":"description-off","10":"first","11":"instock","12":"shipping-taxable","13":"purchasable","14":"product-type-simple"},"_links":{"self":[{"href":"https:\/\/www.curtiembreriobueno.cl\/en_us\/wp-json\/wp\/v2\/product\/55159","targetHints":{"allow":["GET"]}}],"collection":[{"href":"https:\/\/www.curtiembreriobueno.cl\/en_us\/wp-json\/wp\/v2\/product"}],"about":[{"href":"https:\/\/www.curtiembreriobueno.cl\/en_us\/wp-json\/wp\/v2\/types\/product"}],"replies":[{"embeddable":true,"href":"https:\/\/www.curtiembreriobueno.cl\/en_us\/wp-json\/wp\/v2\/comments?post=55159"}],"wp:featuredmedia":[{"embeddable":true,"href":"https:\/\/www.curtiembreriobueno.cl\/en_us\/wp-json\/wp\/v2\/media\/55130"}],"wp:attachment":[{"href":"https:\/\/www.curtiembreriobueno.cl\/en_us\/wp-json\/wp\/v2\/media?parent=55159"}],"wp:term":[{"taxonomy":"product_brand","embeddable":true,"href":"https:\/\/www.curtiembreriobueno.cl\/en_us\/wp-json\/wp\/v2\/product_brand?post=55159"},{"taxonomy":"product_cat","embeddable":true,"href":"https:\/\/www.curtiembreriobueno.cl\/en_us\/wp-json\/wp\/v2\/product_cat?post=55159"},{"taxonomy":"product_tag","embeddable":true,"href":"https:\/\/www.curtiembreriobueno.cl\/en_us\/wp-json\/wp\/v2\/product_tag?post=55159"}],"curies":[{"name":"wp","href":"https:\/\/api.w.org\/{rel}","templated":true}]}}