{"id":55705,"date":"2024-07-31T21:00:56","date_gmt":"2024-07-31T21:00:56","guid":{"rendered":"https:\/\/www.curtiembreriobueno.cl\/?post_type=product&#038;p=55705"},"modified":"2025-12-06T22:23:45","modified_gmt":"2025-12-06T22:23:45","slug":"cojin-50x50-cm-vacuno-7","status":"publish","type":"product","link":"https:\/\/www.curtiembreriobueno.cl\/en_us\/product\/cojin-50x50-cm-vacuno-7\/","title":{"rendered":"Cojin 50&#215;50 cm vacuno"},"content":{"rendered":"","protected":false},"excerpt":{"rendered":"<p>Cojines 50&#215;50\u00a0 en cuero de vacuno estilo patchwork\u00a0 en dise\u00f1o de hex\u00e1gonos, parte trasera con tela de felpa,costuras a m\u00e1quina en zig zag. El valor es por unidad.<\/p>\n<ul>\n<li>Cojines NO incluyen relleno al despachar<\/li>\n<li>Env\u00edos por pagar a todo Chile.<\/li>\n<\/ul>","protected":false},"featured_media":55694,"comment_status":"open","ping_status":"closed","template":"","meta":[],"product_brand":[],"product_cat":[259,234],"product_tag":[],"class_list":{"0":"post-55705","1":"product","2":"type-product","3":"status-publish","4":"has-post-thumbnail","6":"product_cat-cojin-50x50-vacuno","7":"product_cat-cojines-y-almohadones-alfombras-cordero","8":"description-off","10":"first","11":"outofstock","12":"shipping-taxable","13":"purchasable","14":"product-type-simple"},"_links":{"self":[{"href":"https:\/\/www.curtiembreriobueno.cl\/en_us\/wp-json\/wp\/v2\/product\/55705","targetHints":{"allow":["GET"]}}],"collection":[{"href":"https:\/\/www.curtiembreriobueno.cl\/en_us\/wp-json\/wp\/v2\/product"}],"about":[{"href":"https:\/\/www.curtiembreriobueno.cl\/en_us\/wp-json\/wp\/v2\/types\/product"}],"replies":[{"embeddable":true,"href":"https:\/\/www.curtiembreriobueno.cl\/en_us\/wp-json\/wp\/v2\/comments?post=55705"}],"wp:featuredmedia":[{"embeddable":true,"href":"https:\/\/www.curtiembreriobueno.cl\/en_us\/wp-json\/wp\/v2\/media\/55694"}],"wp:attachment":[{"href":"https:\/\/www.curtiembreriobueno.cl\/en_us\/wp-json\/wp\/v2\/media?parent=55705"}],"wp:term":[{"taxonomy":"product_brand","embeddable":true,"href":"https:\/\/www.curtiembreriobueno.cl\/en_us\/wp-json\/wp\/v2\/product_brand?post=55705"},{"taxonomy":"product_cat","embeddable":true,"href":"https:\/\/www.curtiembreriobueno.cl\/en_us\/wp-json\/wp\/v2\/product_cat?post=55705"},{"taxonomy":"product_tag","embeddable":true,"href":"https:\/\/www.curtiembreriobueno.cl\/en_us\/wp-json\/wp\/v2\/product_tag?post=55705"}],"curies":[{"name":"wp","href":"https:\/\/api.w.org\/{rel}","templated":true}]}}