{"id":56682,"date":"2025-07-21T22:20:32","date_gmt":"2025-07-21T22:20:32","guid":{"rendered":"https:\/\/www.curtiembreriobueno.cl\/?post_type=product&#038;p=56682"},"modified":"2025-07-22T14:12:32","modified_gmt":"2025-07-22T14:12:32","slug":"funda-de-cojin-cuero-de-cordero-lana-larga","status":"publish","type":"product","link":"https:\/\/www.curtiembreriobueno.cl\/en_us\/product\/funda-de-cojin-cuero-de-cordero-lana-larga\/","title":{"rendered":"Funda de coj\u00edn cuero de cordero Lana Larga"},"content":{"rendered":"","protected":false},"excerpt":{"rendered":"<p>Funda de coj\u00edn de cuero de cordero lana larga, reverso con tela de felpa y cierre para sacar el relleno. medidas 45\u00d745 cm<\/p>\n<ul>\n<li>Valores por Unidad<\/li>\n<li>No incluyen relleno<\/li>\n<li>Env\u00edos por pagar v\u00eda Starken o Correos chile<\/li>\n<\/ul>","protected":false},"featured_media":0,"comment_status":"open","ping_status":"closed","template":"","meta":[],"product_brand":[],"product_cat":[213,234],"product_tag":[],"class_list":{"0":"post-56682","1":"product","2":"type-product","3":"status-publish","5":"product_cat-cojin-cordero-40x40-cm","6":"product_cat-cojines-y-almohadones-alfombras-cordero","7":"description-off","9":"first","10":"instock","11":"shipping-taxable","12":"purchasable","13":"product-type-simple"},"_links":{"self":[{"href":"https:\/\/www.curtiembreriobueno.cl\/en_us\/wp-json\/wp\/v2\/product\/56682","targetHints":{"allow":["GET"]}}],"collection":[{"href":"https:\/\/www.curtiembreriobueno.cl\/en_us\/wp-json\/wp\/v2\/product"}],"about":[{"href":"https:\/\/www.curtiembreriobueno.cl\/en_us\/wp-json\/wp\/v2\/types\/product"}],"replies":[{"embeddable":true,"href":"https:\/\/www.curtiembreriobueno.cl\/en_us\/wp-json\/wp\/v2\/comments?post=56682"}],"wp:attachment":[{"href":"https:\/\/www.curtiembreriobueno.cl\/en_us\/wp-json\/wp\/v2\/media?parent=56682"}],"wp:term":[{"taxonomy":"product_brand","embeddable":true,"href":"https:\/\/www.curtiembreriobueno.cl\/en_us\/wp-json\/wp\/v2\/product_brand?post=56682"},{"taxonomy":"product_cat","embeddable":true,"href":"https:\/\/www.curtiembreriobueno.cl\/en_us\/wp-json\/wp\/v2\/product_cat?post=56682"},{"taxonomy":"product_tag","embeddable":true,"href":"https:\/\/www.curtiembreriobueno.cl\/en_us\/wp-json\/wp\/v2\/product_tag?post=56682"}],"curies":[{"name":"wp","href":"https:\/\/api.w.org\/{rel}","templated":true}]}}