{"id":57027,"date":"2025-11-20T15:01:37","date_gmt":"2025-11-20T15:01:37","guid":{"rendered":"https:\/\/www.curtiembreriobueno.cl\/?post_type=product&#038;p=57027"},"modified":"2025-11-20T17:50:06","modified_gmt":"2025-11-20T17:50:06","slug":"billetera-mujer-5","status":"publish","type":"product","link":"https:\/\/www.curtiembreriobueno.cl\/en_us\/product\/billetera-mujer-5\/","title":{"rendered":"Billetera Mujer"},"content":{"rendered":"","protected":false},"excerpt":{"rendered":"<p>Billetera de mujer confeccionada en cuero rojo brillante, con textura natural y acabado artesanal. Su dise\u00f1o largo incluye cierre con leng\u00fceta con im\u00e1n y un delicado detalle de estrella met\u00e1lica en la esquina inferior. Un accesorio sofisticado, perfecto para quienes buscan estilo y practicidad en un solo producto.<\/p>\n<p>Medidas 10 cms. ancho x 19 cms. de largo.<\/p>\n<ul>\n<li>Env\u00edos por pagar\u00a0 a todas las regiones por starken ocorreos chile<\/li>\n<\/ul>","protected":false},"featured_media":57028,"comment_status":"open","ping_status":"closed","template":"","meta":[],"product_brand":[],"product_cat":[288,300],"product_tag":[],"class_list":{"0":"post-57027","1":"product","2":"type-product","3":"status-publish","4":"has-post-thumbnail","6":"product_cat-billetera-mujer","7":"product_cat-lo-nuevo","8":"description-off","10":"first","11":"instock","12":"shipping-taxable","13":"purchasable","14":"product-type-simple"},"_links":{"self":[{"href":"https:\/\/www.curtiembreriobueno.cl\/en_us\/wp-json\/wp\/v2\/product\/57027","targetHints":{"allow":["GET"]}}],"collection":[{"href":"https:\/\/www.curtiembreriobueno.cl\/en_us\/wp-json\/wp\/v2\/product"}],"about":[{"href":"https:\/\/www.curtiembreriobueno.cl\/en_us\/wp-json\/wp\/v2\/types\/product"}],"replies":[{"embeddable":true,"href":"https:\/\/www.curtiembreriobueno.cl\/en_us\/wp-json\/wp\/v2\/comments?post=57027"}],"wp:featuredmedia":[{"embeddable":true,"href":"https:\/\/www.curtiembreriobueno.cl\/en_us\/wp-json\/wp\/v2\/media\/57028"}],"wp:attachment":[{"href":"https:\/\/www.curtiembreriobueno.cl\/en_us\/wp-json\/wp\/v2\/media?parent=57027"}],"wp:term":[{"taxonomy":"product_brand","embeddable":true,"href":"https:\/\/www.curtiembreriobueno.cl\/en_us\/wp-json\/wp\/v2\/product_brand?post=57027"},{"taxonomy":"product_cat","embeddable":true,"href":"https:\/\/www.curtiembreriobueno.cl\/en_us\/wp-json\/wp\/v2\/product_cat?post=57027"},{"taxonomy":"product_tag","embeddable":true,"href":"https:\/\/www.curtiembreriobueno.cl\/en_us\/wp-json\/wp\/v2\/product_tag?post=57027"}],"curies":[{"name":"wp","href":"https:\/\/api.w.org\/{rel}","templated":true}]}}