{"id":57040,"date":"2025-11-20T16:05:11","date_gmt":"2025-11-20T16:05:11","guid":{"rendered":"https:\/\/www.curtiembreriobueno.cl\/?post_type=product&#038;p=57040"},"modified":"2026-04-07T19:58:45","modified_gmt":"2026-04-07T19:58:45","slug":"billetera-mujer-16","status":"publish","type":"product","link":"https:\/\/www.curtiembreriobueno.cl\/en_us\/product\/billetera-mujer-16\/","title":{"rendered":"Billetera Mujer"},"content":{"rendered":"","protected":false},"excerpt":{"rendered":"<p>Billetera de mujer confeccionada en cuero azul brillante, con textura natural y acabado artesanal. Su dise\u00f1o largo incluye cierre con leng\u00fceta con im\u00e1n y un delicado detalle de estrella met\u00e1lica en la esquina inferior. Un accesorio sofisticado, perfecto para quienes buscan estilo y practicidad en un solo producto.<\/p>\n<p>Medidas 10 cms. ancho x 19 cms. de largo.<\/p>\n<ul>\n<li>Env\u00edos por pagar\u00a0 a todas las regiones por starken ocorreos chile<\/li>\n<\/ul>","protected":false},"featured_media":57032,"comment_status":"open","ping_status":"closed","template":"","meta":[],"product_brand":[],"product_cat":[288,300],"product_tag":[],"class_list":{"0":"post-57040","1":"product","2":"type-product","3":"status-publish","4":"has-post-thumbnail","6":"product_cat-billetera-mujer","7":"product_cat-lo-nuevo","8":"description-off","10":"first","11":"instock","12":"sale","13":"shipping-taxable","14":"purchasable","15":"product-type-simple"},"_links":{"self":[{"href":"https:\/\/www.curtiembreriobueno.cl\/en_us\/wp-json\/wp\/v2\/product\/57040","targetHints":{"allow":["GET"]}}],"collection":[{"href":"https:\/\/www.curtiembreriobueno.cl\/en_us\/wp-json\/wp\/v2\/product"}],"about":[{"href":"https:\/\/www.curtiembreriobueno.cl\/en_us\/wp-json\/wp\/v2\/types\/product"}],"replies":[{"embeddable":true,"href":"https:\/\/www.curtiembreriobueno.cl\/en_us\/wp-json\/wp\/v2\/comments?post=57040"}],"wp:featuredmedia":[{"embeddable":true,"href":"https:\/\/www.curtiembreriobueno.cl\/en_us\/wp-json\/wp\/v2\/media\/57032"}],"wp:attachment":[{"href":"https:\/\/www.curtiembreriobueno.cl\/en_us\/wp-json\/wp\/v2\/media?parent=57040"}],"wp:term":[{"taxonomy":"product_brand","embeddable":true,"href":"https:\/\/www.curtiembreriobueno.cl\/en_us\/wp-json\/wp\/v2\/product_brand?post=57040"},{"taxonomy":"product_cat","embeddable":true,"href":"https:\/\/www.curtiembreriobueno.cl\/en_us\/wp-json\/wp\/v2\/product_cat?post=57040"},{"taxonomy":"product_tag","embeddable":true,"href":"https:\/\/www.curtiembreriobueno.cl\/en_us\/wp-json\/wp\/v2\/product_tag?post=57040"}],"curies":[{"name":"wp","href":"https:\/\/api.w.org\/{rel}","templated":true}]}}