{"id":57155,"date":"2025-12-04T00:53:24","date_gmt":"2025-12-04T00:53:24","guid":{"rendered":"https:\/\/www.curtiembreriobueno.cl\/?post_type=product&#038;p=57155"},"modified":"2026-02-26T20:25:45","modified_gmt":"2026-02-26T20:25:45","slug":"juego-de-domino","status":"publish","type":"product","link":"https:\/\/www.curtiembreriobueno.cl\/en_us\/product\/juego-de-domino\/","title":{"rendered":"Juego de Domino"},"content":{"rendered":"<p>\u200bLleve su juego a donde quiera que vaya con la tranquilidad de que sus fichas est\u00e1n seguras. Este estuche de cuero ha sido dise\u00f1ado pensando en la m\u00e1xima durabilidad y funcionalidad. El cuero robusto resiste el desgaste diario, protegiendo su set de domin\u00f3 de golpes y rayones y el dise\u00f1o compacto facilita el transporte.<\/p>\n<p>&nbsp;<\/p>\n<ul>\n<li>incluye funda y fichas<\/li>\n<li>Medidas 0.60 x 0.14 cm<\/li>\n<li>Env\u00edo por pagar, v\u00eda correos chile o starken<\/li>\n<li><\/li>\n<\/ul>\n<p>&nbsp;<\/p>","protected":false},"excerpt":{"rendered":"<p>\u200bLleve su juego a donde quiera que vaya con la tranquilidad de que sus fichas est\u00e1n seguras. Este estuche de cuero ha sido dise\u00f1ado pensando en la m\u00e1xima durabilidad y funcionalidad. El cuero robusto resiste el desgaste diario, protegiendo su set de domin\u00f3 de golpes y rayones y el dise\u00f1o compacto facilita el transporte. &nbsp;&hellip;<\/p>","protected":false},"featured_media":57156,"comment_status":"open","ping_status":"closed","template":"","meta":[],"product_brand":[],"product_cat":[172,247,173],"product_tag":[],"class_list":{"0":"post-57155","1":"product","2":"type-product","3":"status-publish","4":"has-post-thumbnail","6":"product_cat-accesorios","7":"product_cat-pantuflas","8":"product_cat-ofertas","9":"description-off","11":"first","12":"instock","13":"shipping-taxable","14":"purchasable","15":"product-type-simple"},"_links":{"self":[{"href":"https:\/\/www.curtiembreriobueno.cl\/en_us\/wp-json\/wp\/v2\/product\/57155","targetHints":{"allow":["GET"]}}],"collection":[{"href":"https:\/\/www.curtiembreriobueno.cl\/en_us\/wp-json\/wp\/v2\/product"}],"about":[{"href":"https:\/\/www.curtiembreriobueno.cl\/en_us\/wp-json\/wp\/v2\/types\/product"}],"replies":[{"embeddable":true,"href":"https:\/\/www.curtiembreriobueno.cl\/en_us\/wp-json\/wp\/v2\/comments?post=57155"}],"wp:featuredmedia":[{"embeddable":true,"href":"https:\/\/www.curtiembreriobueno.cl\/en_us\/wp-json\/wp\/v2\/media\/57156"}],"wp:attachment":[{"href":"https:\/\/www.curtiembreriobueno.cl\/en_us\/wp-json\/wp\/v2\/media?parent=57155"}],"wp:term":[{"taxonomy":"product_brand","embeddable":true,"href":"https:\/\/www.curtiembreriobueno.cl\/en_us\/wp-json\/wp\/v2\/product_brand?post=57155"},{"taxonomy":"product_cat","embeddable":true,"href":"https:\/\/www.curtiembreriobueno.cl\/en_us\/wp-json\/wp\/v2\/product_cat?post=57155"},{"taxonomy":"product_tag","embeddable":true,"href":"https:\/\/www.curtiembreriobueno.cl\/en_us\/wp-json\/wp\/v2\/product_tag?post=57155"}],"curies":[{"name":"wp","href":"https:\/\/api.w.org\/{rel}","templated":true}]}}