{"id":57487,"date":"2026-04-14T16:14:10","date_gmt":"2026-04-14T16:14:10","guid":{"rendered":"https:\/\/www.curtiembreriobueno.cl\/?post_type=product&#038;p=57487"},"modified":"2026-04-16T16:09:53","modified_gmt":"2026-04-16T16:09:53","slug":"cinturon-cuero-mujer-95-cm-2","status":"publish","type":"product","link":"https:\/\/www.curtiembreriobueno.cl\/en_us\/product\/cinturon-cuero-mujer-95-cm-2\/","title":{"rendered":"Cintur\u00f3n cuero mujer  95 cm"},"content":{"rendered":"","protected":false},"excerpt":{"rendered":"<p><em>Cintur\u00f3n 100% cuero, color cafe, 2.7 cm ancho y 90 cm largo, hebilla con dise\u00f1o de\u00a0 5.5\u00d75.5 cm aprox.<\/em><\/p>\n<ul>\n<li><em>Env\u00edos por pagar a todas las regiones <\/em><em>por starken o correos chile<\/em><\/li>\n<\/ul>","protected":false},"featured_media":57453,"comment_status":"open","ping_status":"closed","template":"","meta":[],"product_brand":[],"product_cat":[172,290],"product_tag":[],"class_list":{"0":"post-57487","1":"product","2":"type-product","3":"status-publish","4":"has-post-thumbnail","6":"product_cat-accesorios","7":"product_cat-cinturon-mujer","8":"description-off","10":"first","11":"instock","12":"shipping-taxable","13":"purchasable","14":"product-type-simple"},"_links":{"self":[{"href":"https:\/\/www.curtiembreriobueno.cl\/en_us\/wp-json\/wp\/v2\/product\/57487","targetHints":{"allow":["GET"]}}],"collection":[{"href":"https:\/\/www.curtiembreriobueno.cl\/en_us\/wp-json\/wp\/v2\/product"}],"about":[{"href":"https:\/\/www.curtiembreriobueno.cl\/en_us\/wp-json\/wp\/v2\/types\/product"}],"replies":[{"embeddable":true,"href":"https:\/\/www.curtiembreriobueno.cl\/en_us\/wp-json\/wp\/v2\/comments?post=57487"}],"wp:featuredmedia":[{"embeddable":true,"href":"https:\/\/www.curtiembreriobueno.cl\/en_us\/wp-json\/wp\/v2\/media\/57453"}],"wp:attachment":[{"href":"https:\/\/www.curtiembreriobueno.cl\/en_us\/wp-json\/wp\/v2\/media?parent=57487"}],"wp:term":[{"taxonomy":"product_brand","embeddable":true,"href":"https:\/\/www.curtiembreriobueno.cl\/en_us\/wp-json\/wp\/v2\/product_brand?post=57487"},{"taxonomy":"product_cat","embeddable":true,"href":"https:\/\/www.curtiembreriobueno.cl\/en_us\/wp-json\/wp\/v2\/product_cat?post=57487"},{"taxonomy":"product_tag","embeddable":true,"href":"https:\/\/www.curtiembreriobueno.cl\/en_us\/wp-json\/wp\/v2\/product_tag?post=57487"}],"curies":[{"name":"wp","href":"https:\/\/api.w.org\/{rel}","templated":true}]}}