{"id":57825,"date":"2026-05-07T21:43:24","date_gmt":"2026-05-07T21:43:24","guid":{"rendered":"https:\/\/www.curtiembreriobueno.cl\/?post_type=product&#038;p=57825"},"modified":"2026-05-07T21:46:13","modified_gmt":"2026-05-07T21:46:13","slug":"alfombra-vacuno","status":"publish","type":"product","link":"https:\/\/www.curtiembreriobueno.cl\/en_us\/product\/alfombra-vacuno\/","title":{"rendered":"Alfombra vacuno"},"content":{"rendered":"<p>&nbsp;<\/p>\n<p><em>Alfombra de cuero de vacuno natural, confeccionada a partir de una pieza completa cuidadosamente seleccionada para conservar su forma org\u00e1nica y car\u00e1cter \u00fanico.<\/em><\/p>\n<p><em>Cada alfombra presenta vetas, texturas y tonalidades irrepetibles, propias del cuero genuino, lo que la convierte en una pieza exclusiva que aporta calidez, elegancia y personalidad a cualquier espacio.<\/em><\/p>\n<p><em>Su acabado natural y resistente la hace ideal para livings, dormitorios u oficinas, integr\u00e1ndose perfectamente en ambientes r\u00fasticos, modernos o industriales.<\/em><\/p>\n<p><em>\u2714\ufe0f Cuero de vacuno 100% natural<\/em><br \/>\n<em>\u2714\ufe0f Pieza \u00fanica (no existen dos iguales)<\/em><br \/>\n<em>\u2714\ufe0f Alta durabilidad y f\u00e1cil mantenimiento<\/em><br \/>\n<em>\u2714\ufe0f Hecho en Chile<\/em><\/p>\n<p><em>Una alfombra que no solo decora, sino que cuenta una historia.<\/em><\/p>","protected":false},"excerpt":{"rendered":"<p><em>Alfombra de cuero de vacuno natural con pelo<\/em><\/p>\n<p><em>caracter\u00edsticas:<\/em><\/p>\n<ul>\n<li><em> medidas 2.10 x 2.0 mts. aprox.<\/em><\/li>\n<li><em>Env\u00edo x pagar a todas las regiones\u00a0 por starken o correos chile<\/em><\/li>\n<\/ul>","protected":false},"featured_media":57736,"comment_status":"open","ping_status":"closed","template":"","meta":[],"product_brand":[],"product_cat":[242,159,240],"product_tag":[],"class_list":{"0":"post-57825","1":"product","2":"type-product","3":"status-publish","4":"has-post-thumbnail","6":"product_cat-alfombras-vacuno","7":"product_cat-alfombras-vacuno-enteras","8":"product_cat-vacunos-enteros","9":"description-off","11":"first","12":"instock","13":"shipping-taxable","14":"purchasable","15":"product-type-simple"},"_links":{"self":[{"href":"https:\/\/www.curtiembreriobueno.cl\/en_us\/wp-json\/wp\/v2\/product\/57825","targetHints":{"allow":["GET"]}}],"collection":[{"href":"https:\/\/www.curtiembreriobueno.cl\/en_us\/wp-json\/wp\/v2\/product"}],"about":[{"href":"https:\/\/www.curtiembreriobueno.cl\/en_us\/wp-json\/wp\/v2\/types\/product"}],"replies":[{"embeddable":true,"href":"https:\/\/www.curtiembreriobueno.cl\/en_us\/wp-json\/wp\/v2\/comments?post=57825"}],"wp:featuredmedia":[{"embeddable":true,"href":"https:\/\/www.curtiembreriobueno.cl\/en_us\/wp-json\/wp\/v2\/media\/57736"}],"wp:attachment":[{"href":"https:\/\/www.curtiembreriobueno.cl\/en_us\/wp-json\/wp\/v2\/media?parent=57825"}],"wp:term":[{"taxonomy":"product_brand","embeddable":true,"href":"https:\/\/www.curtiembreriobueno.cl\/en_us\/wp-json\/wp\/v2\/product_brand?post=57825"},{"taxonomy":"product_cat","embeddable":true,"href":"https:\/\/www.curtiembreriobueno.cl\/en_us\/wp-json\/wp\/v2\/product_cat?post=57825"},{"taxonomy":"product_tag","embeddable":true,"href":"https:\/\/www.curtiembreriobueno.cl\/en_us\/wp-json\/wp\/v2\/product_tag?post=57825"}],"curies":[{"name":"wp","href":"https:\/\/api.w.org\/{rel}","templated":true}]}}